{"id":1344,"date":"2023-05-12T21:24:38","date_gmt":"2023-05-12T21:24:38","guid":{"rendered":"https:\/\/gerardohuertas.com\/?page_id=1344"},"modified":"2023-05-14T16:52:00","modified_gmt":"2023-05-14T16:52:00","slug":"servicios","status":"publish","type":"page","link":"https:\/\/gerardohuertas.com\/en\/servicios\/","title":{"rendered":"Services"},"content":{"rendered":"<p><div class=\"fusion-fullwidth fullwidth-box fusion-builder-row-1 fusion-flex-container nonhundred-percent-fullwidth non-hundred-percent-height-scrolling\" style=\"--awb-border-radius-top-left:0px;--awb-border-radius-top-right:0px;--awb-border-radius-bottom-right:0px;--awb-border-radius-bottom-left:0px;--awb-flex-wrap:wrap;\" ><div class=\"fusion-builder-row fusion-row fusion-flex-align-items-flex-start fusion-flex-content-wrap\" style=\"max-width:1206.4px;margin-left: calc(-4% \/ 2 );margin-right: calc(-4% \/ 2 );\"><div class=\"fusion-layout-column fusion_builder_column fusion-builder-column-0 fusion_builder_column_1_1 1_1 fusion-flex-column\" style=\"--awb-bg-blend:overlay;--awb-bg-size:cover;--awb-width-large:100%;--awb-margin-top-large:0px;--awb-spacing-right-large:1.92%;--awb-margin-bottom-large:0px;--awb-spacing-left-large:1.92%;--awb-width-medium:100%;--awb-spacing-right-medium:1.92%;--awb-spacing-left-medium:1.92%;--awb-width-small:100%;--awb-spacing-right-small:1.92%;--awb-spacing-left-small:1.92%;\"><div class=\"fusion-column-wrapper fusion-flex-justify-content-flex-start fusion-content-layout-column\"><div class=\"fusion-text fusion-text-1\"><h1><b style=\"font-size: 25px;\" data-fusion-font=\"true\">Consultor\u00eda de Innovaci\u00f3n<\/b><\/h1>\n<p>Tengo m\u00e1s de 10 a\u00f1os de trabajar en tecnolog\u00eda, innovaci\u00f3n corporativa y desarrollo de software. He sido parte de la transformaci\u00f3n digital de m\u00faltiples empresas, entidades financieras, multinacionales, fundaciones y entidades gubernamentales.<\/p>\n<p>Quiero ayudarte a generar innovaci\u00f3n de la forma m\u00e1s sencilla y ahorrando muchos costos.<\/p>\n<p>Existen muchas definiciones de qu\u00e9 es innovaci\u00f3n, pero voy a ir a lo m\u00e1s simple. Innovaci\u00f3n ES cambiarnos el chip, es generar una nueva forma de pensar ante los desaf\u00edos y soluciones. No es crear un app, patente de invenci\u00f3n o un software super avanzado que pueda alcanzar a 1 mill\u00f3n de personas y convertirse en un Google. <i><b>Pensemos en la innovaci\u00f3n como nuestra capacidad para identificar mejoras o soluciones en nuestro entorno. <\/b><\/i><\/p>\n<p>En mi consultor\u00eda de innovaci\u00f3n ofrezco una propuesta integral para ver la innovaci\u00f3n de forma hol\u00edstica, iniciando con una encuesta de situaci\u00f3n para obtener informaci\u00f3n relevante sobre ti, sobre el negocio, producto, mercado y los recursos a disposici\u00f3n.<\/p>\n<p>Con todo el feedback generado, haremos una planeaci\u00f3n estrat\u00e9gica enfocada en metodolog\u00edas \u00e1giles para mapear (dibujar) de manera efectiva todas las necesidades, recursos a disposici\u00f3n y todos desaf\u00edos del negocio, conduciendo a una soluci\u00f3n basada en innovaci\u00f3n disruptiva, a la medida de las necesidades del negocio.<\/p>\n<p>Con esta consultor\u00eda, nos enfocaremos en ampliar la vida \u00fatil de tu modelo de negocios actual, mientras te ayudar\u00e9 a crear un nuevo modelo de negocios innovador, que tenga como resultado, la optimizaci\u00f3n de costos y mayores m\u00e1rgenes de ganancia para llegar a la auto sostenibilidad. <b>Que el negocio se mantenga sin necesidad de inyecci\u00f3n de capital constante.<\/b><\/p>\n<p><b>\u00bfQu\u00e9 te llevar\u00e1s de esta consultor\u00eda?<\/b><\/p>\n<ol>\n<li>Haremos juntos un mapeo de todo tu ecosistema empresarial (Empresa &#8211; clientes &#8211; activos &#8211; desaf\u00edos &#8211; oportunidades)<\/li>\n<li>Analizaremos todas las perspectivas y los desaf\u00edos para empezar a generar soluciones y nuevas ideas de forma creativa<\/li>\n<li>Haremos una planificaci\u00f3n por etapas que nos llevar\u00e1 a cumplir las expectativas que se definen por cada etapa.<\/li>\n<li>Plan de seguimiento a resultados para medir e iterar (Validar si nuestro plan tiene buen feedback)<\/li>\n<\/ol>\n<p><strong>Garant\u00eda de calidad: Si este servicio NO genera una propuesta viable, se te reembolsar\u00e1 tu dinero.<\/strong><\/p>\n<h2><strong>Reserva una hora conmigo aqu\u00ed<\/strong><\/h2>\n<\/div><\/div><\/div><div class=\"fusion-layout-column fusion_builder_column fusion-builder-column-1 fusion_builder_column_1_1 1_1 fusion-flex-column\" style=\"--awb-bg-blend:overlay;--awb-bg-size:cover;--awb-width-large:100%;--awb-margin-top-large:0px;--awb-spacing-right-large:1.92%;--awb-margin-bottom-large:0px;--awb-spacing-left-large:1.92%;--awb-width-medium:100%;--awb-spacing-right-medium:1.92%;--awb-spacing-left-medium:1.92%;--awb-width-small:100%;--awb-spacing-right-small:1.92%;--awb-spacing-left-small:1.92%;\"><div class=\"fusion-column-wrapper fusion-flex-justify-content-flex-start fusion-content-layout-column\"><div class=\"fusion-text fusion-text-2\"><pre class=\"chroma\"><code class=\"language-html text-dark\" data-lang=\"html\"><\/code><\/pre>\n<p><!-- embed code start --><\/p>\n<pre class=\"chroma\"><code class=\"language-html text-dark\" data-lang=\"html\"><\/code><\/pre>\n<section class=\"embed-container\" data-slug=\"gerardo-huertas\" data-url=\"https:\/\/conkloud.app\/\"><\/section>\n<pre class=\"chroma\"><code class=\"language-html text-dark\" data-lang=\"html\"><\/code><\/pre>\n<p><script type=\"text\/javascript\" src=\"https:\/\/conkloud.app\/assets\/embed\/embed.js\" ><\/script><br \/>\n<!-- end embed code--><\/p>\n<pre class=\"chroma\"><code class=\"language-html text-dark\" data-lang=\"html\"><\/code><\/pre>\n<\/div><\/div><\/div><\/div><\/div><div class=\"fusion-fullwidth fullwidth-box fusion-builder-row-2 fusion-flex-container nonhundred-percent-fullwidth non-hundred-percent-height-scrolling\" style=\"--awb-border-radius-top-left:0px;--awb-border-radius-top-right:0px;--awb-border-radius-bottom-right:0px;--awb-border-radius-bottom-left:0px;--awb-flex-wrap:wrap;\" ><div class=\"fusion-builder-row fusion-row fusion-flex-align-items-flex-start fusion-flex-content-wrap\" style=\"max-width:1206.4px;margin-left: calc(-4% \/ 2 );margin-right: calc(-4% \/ 2 );\"><\/div><\/div><\/p>\n<pre class=\"chroma\"><code id=\"embeddedCodeTextContainer\" class=\"language-html text-dark\" data-lang=\"html\">\r\n<\/code><\/pre>","protected":false},"excerpt":{"rendered":"","protected":false},"author":2,"featured_media":0,"parent":0,"menu_order":0,"comment_status":"closed","ping_status":"closed","template":"","meta":{"_monsterinsights_skip_tracking":false,"_monsterinsights_sitenote_active":false,"_monsterinsights_sitenote_note":"","_monsterinsights_sitenote_category":0,"footnotes":""},"class_list":["post-1344","page","type-page","status-publish","hentry"],"yoast_head":"<!-- This site is optimized with the Yoast SEO plugin v27.4 - https:\/\/yoast.com\/product\/yoast-seo-wordpress\/ -->\n<title>Servicios - Gerardo Huertas<\/title>\n<meta name=\"robots\" content=\"index, follow, max-snippet:-1, max-image-preview:large, max-video-preview:-1\" \/>\n<link rel=\"canonical\" href=\"https:\/\/gerardohuertas.com\/en\/servicios\/\" \/>\n<meta property=\"og:locale\" content=\"en_US\" \/>\n<meta property=\"og:type\" content=\"article\" \/>\n<meta property=\"og:title\" content=\"Servicios - Gerardo Huertas\" \/>\n<meta property=\"og:url\" content=\"https:\/\/gerardohuertas.com\/en\/servicios\/\" \/>\n<meta property=\"og:site_name\" content=\"Gerardo Huertas\" \/>\n<meta property=\"article:modified_time\" content=\"2023-05-14T16:52:00+00:00\" \/>\n<meta name=\"twitter:card\" content=\"summary_large_image\" \/>\n<meta name=\"twitter:label1\" content=\"Est. reading time\" \/>\n\t<meta name=\"twitter:data1\" content=\"2 minutes\" \/>\n<script type=\"application\/ld+json\" class=\"yoast-schema-graph\">{\"@context\":\"https:\\\/\\\/schema.org\",\"@graph\":[{\"@type\":\"WebPage\",\"@id\":\"https:\\\/\\\/gerardohuertas.com\\\/servicios\\\/\",\"url\":\"https:\\\/\\\/gerardohuertas.com\\\/servicios\\\/\",\"name\":\"Servicios - Gerardo Huertas\",\"isPartOf\":{\"@id\":\"https:\\\/\\\/gerardohuertas.com\\\/#website\"},\"datePublished\":\"2023-05-12T21:24:38+00:00\",\"dateModified\":\"2023-05-14T16:52:00+00:00\",\"breadcrumb\":{\"@id\":\"https:\\\/\\\/gerardohuertas.com\\\/servicios\\\/#breadcrumb\"},\"inLanguage\":\"en-US\",\"potentialAction\":[{\"@type\":\"ReadAction\",\"target\":[\"https:\\\/\\\/gerardohuertas.com\\\/servicios\\\/\"]}]},{\"@type\":\"BreadcrumbList\",\"@id\":\"https:\\\/\\\/gerardohuertas.com\\\/servicios\\\/#breadcrumb\",\"itemListElement\":[{\"@type\":\"ListItem\",\"position\":1,\"name\":\"Home\",\"item\":\"https:\\\/\\\/gerardohuertas.com\\\/\"},{\"@type\":\"ListItem\",\"position\":2,\"name\":\"Servicios\"}]},{\"@type\":\"WebSite\",\"@id\":\"https:\\\/\\\/gerardohuertas.com\\\/#website\",\"url\":\"https:\\\/\\\/gerardohuertas.com\\\/\",\"name\":\"Gerardo Huertas\",\"description\":\"Consultor de Innovaci\u00f3n, Ingenier\u00eda de Software y Growth Hacking\",\"potentialAction\":[{\"@type\":\"SearchAction\",\"target\":{\"@type\":\"EntryPoint\",\"urlTemplate\":\"https:\\\/\\\/gerardohuertas.com\\\/?s={search_term_string}\"},\"query-input\":{\"@type\":\"PropertyValueSpecification\",\"valueRequired\":true,\"valueName\":\"search_term_string\"}}],\"inLanguage\":\"en-US\"}]}<\/script>\n<!-- \/ Yoast SEO plugin. -->","yoast_head_json":{"title":"Servicios - Gerardo Huertas","robots":{"index":"index","follow":"follow","max-snippet":"max-snippet:-1","max-image-preview":"max-image-preview:large","max-video-preview":"max-video-preview:-1"},"canonical":"https:\/\/gerardohuertas.com\/en\/servicios\/","og_locale":"en_US","og_type":"article","og_title":"Servicios - Gerardo Huertas","og_url":"https:\/\/gerardohuertas.com\/en\/servicios\/","og_site_name":"Gerardo Huertas","article_modified_time":"2023-05-14T16:52:00+00:00","twitter_card":"summary_large_image","twitter_misc":{"Est. reading time":"2 minutes"},"schema":{"@context":"https:\/\/schema.org","@graph":[{"@type":"WebPage","@id":"https:\/\/gerardohuertas.com\/servicios\/","url":"https:\/\/gerardohuertas.com\/servicios\/","name":"Servicios - Gerardo Huertas","isPartOf":{"@id":"https:\/\/gerardohuertas.com\/#website"},"datePublished":"2023-05-12T21:24:38+00:00","dateModified":"2023-05-14T16:52:00+00:00","breadcrumb":{"@id":"https:\/\/gerardohuertas.com\/servicios\/#breadcrumb"},"inLanguage":"en-US","potentialAction":[{"@type":"ReadAction","target":["https:\/\/gerardohuertas.com\/servicios\/"]}]},{"@type":"BreadcrumbList","@id":"https:\/\/gerardohuertas.com\/servicios\/#breadcrumb","itemListElement":[{"@type":"ListItem","position":1,"name":"Home","item":"https:\/\/gerardohuertas.com\/"},{"@type":"ListItem","position":2,"name":"Servicios"}]},{"@type":"WebSite","@id":"https:\/\/gerardohuertas.com\/#website","url":"https:\/\/gerardohuertas.com\/","name":"Gerardo Huertas","description":"Consultor de Innovaci\u00f3n, Ingenier\u00eda de Software y Growth Hacking","potentialAction":[{"@type":"SearchAction","target":{"@type":"EntryPoint","urlTemplate":"https:\/\/gerardohuertas.com\/?s={search_term_string}"},"query-input":{"@type":"PropertyValueSpecification","valueRequired":true,"valueName":"search_term_string"}}],"inLanguage":"en-US"}]}},"_links":{"self":[{"href":"https:\/\/gerardohuertas.com\/en\/wp-json\/wp\/v2\/pages\/1344","targetHints":{"allow":["GET"]}}],"collection":[{"href":"https:\/\/gerardohuertas.com\/en\/wp-json\/wp\/v2\/pages"}],"about":[{"href":"https:\/\/gerardohuertas.com\/en\/wp-json\/wp\/v2\/types\/page"}],"author":[{"embeddable":true,"href":"https:\/\/gerardohuertas.com\/en\/wp-json\/wp\/v2\/users\/2"}],"replies":[{"embeddable":true,"href":"https:\/\/gerardohuertas.com\/en\/wp-json\/wp\/v2\/comments?post=1344"}],"version-history":[{"count":4,"href":"https:\/\/gerardohuertas.com\/en\/wp-json\/wp\/v2\/pages\/1344\/revisions"}],"predecessor-version":[{"id":1349,"href":"https:\/\/gerardohuertas.com\/en\/wp-json\/wp\/v2\/pages\/1344\/revisions\/1349"}],"wp:attachment":[{"href":"https:\/\/gerardohuertas.com\/en\/wp-json\/wp\/v2\/media?parent=1344"}],"curies":[{"name":"wp","href":"https:\/\/api.w.org\/{rel}","templated":true}]}}